{"id":8830,"date":"2020-10-08T11:55:22","date_gmt":"2020-10-08T14:55:22","guid":{"rendered":"https:\/\/vexpenses.com.br\/blog\/?page_id=8830"},"modified":"2020-10-08T11:55:22","modified_gmt":"2020-10-08T14:55:22","slug":"biblioteca-de-materiais","status":"publish","type":"page","link":"https:\/\/vexpenses.com.br\/blog\/biblioteca-de-materiais\/","title":{"rendered":"Biblioteca de Materiais"},"content":{"rendered":"\n\n<h2 class=\"wp-block-heading\">Planilhas<\/h2>\n\n\n\n\n\n<figure class=\"wp-block-image size-large is-style-default\"><a href=\"https:\/\/materiais.vexpenses.com\/planilha-calculo-valor-reembolso-km?utm_campaign=material_rico&amp;utm_medium=biblioteca_de_materiais&amp;utm_source=blog&amp;utm_content=planilha-calculo-valor-reembolso-km\"><img decoding=\"async\" src=\"https:\/\/vexpenses.com.br\/blog\/wp-content\/uploads\/2020\/10\/m03-vertical.png\" alt=\"planilha de reembolso de quilometragem\" class=\"wp-image-8834\"\/><\/a><\/figure>\n\n\n\n\n\n<figure class=\"wp-block-image size-large is-style-default\"><a href=\"https:\/\/materiais.vexpenses.com\/relatorio-despesas-de-viagens?utm_campaign=material_rico&amp;utm_medium=biblioteca_de_materiais&amp;utm_source=blog&amp;utm_content=relatorio-despesas-de-viagens\"><img decoding=\"async\" src=\"https:\/\/vexpenses.com.br\/blog\/wp-content\/uploads\/2020\/10\/m01-vertical.png\" alt=\"modelo de relat\u00f3rio de reembolso de despesas\" class=\"wp-image-8835\"\/><\/a><\/figure>\n\n\n\n\n\n<figure class=\"wp-block-image size-large is-style-default\"><a href=\"https:\/\/materiais.vexpenses.com\/planilha-de-controle-de-gastos-com-cartao-corporativo?utm_campaign=material_rico&amp;utm_medium=biblioteca_de_materiais&amp;utm_source=blog&amp;utm_content=planilha-de-controle-de-gastos-com-cartao-corporativo\"><img decoding=\"async\" src=\"https:\/\/vexpenses.com.br\/blog\/wp-content\/uploads\/2021\/03\/Planilha-de-controle-de-gastos-com-cart\u00e3o-corporativo.png\" alt=\"Planilha de controle de gastos com cart\u00e3o corporativo\" class=\"wp-image-15205\"\/><\/a><\/figure>\n\n\n\n\n\n<figure class=\"wp-block-image size-large\"><a href=\"https:\/\/materiais.vexpenses.com\/modelo-nota-de-debito?utm_campaign=material_rico&amp;utm_medium=biblioteca_de_materiais&amp;utm_source=blog&amp;utm_content=modelo-nota-de-debito\"><img decoding=\"async\" src=\"https:\/\/vexpenses.com.br\/blog\/wp-content\/uploads\/2021\/06\/modelo-de-nota-de-d\u00e9bito-1.png\" alt=\"modelo de nota de d\u00e9bito\" class=\"wp-image-32936\"\/><\/a><\/figure>\n\n\n\n\n\n\n\n<figure class=\"wp-block-image size-large is-style-default\"><a href=\"https:\/\/materiais.vexpenses.com\/modelo-conciliacao-bancaria?utm_campaign=material_rico&amp;utm_medium=biblioteca_de_materiais&amp;utm_source=blog&amp;utm_content=modelo-conciliacao-bancaria\"><img decoding=\"async\" src=\"https:\/\/vexpenses.com.br\/blog\/wp-content\/uploads\/2020\/10\/M13-vertical.png\" alt=\"planilha de concilia\u00e7\u00e3o banc\u00e1ria\" class=\"wp-image-8837\"\/><\/a><\/figure>\n\n\n\n\n\n<figure class=\"wp-block-image size-large is-style-default\"><a href=\"https:\/\/materiais.vexpenses.com\/planejador-de-orcamento?utm_campaign=material_rico&amp;utm_medium=biblioteca_de_materiais&amp;utm_source=blog&amp;utm_content=planejador-de-orcamento\"><img decoding=\"async\" src=\"https:\/\/vexpenses.com.br\/blog\/wp-content\/uploads\/2020\/10\/m07-vertical.png\" alt=\"planejador de or\u00e7amento de viagem corporativa\" class=\"wp-image-8836\"\/><\/a><\/figure>\n\n\n\n\n\n<figure class=\"wp-block-image size-large\"><a href=\"https:\/\/materiais.vexpenses.com\/planilha-indicadores-desempenho-financeiro?utm_campaign=material_rico&amp;utm_medium=biblioteca_de_materiais&amp;utm_source=blog&amp;utm_content=planilha-indicadores-desempenho-financeiro\"><img decoding=\"async\" src=\"https:\/\/vexpenses.com.br\/blog\/wp-content\/uploads\/2021\/06\/planilha-de-indicadores-de-desempenho-financeiro.png\" alt=\"planilha de indicadores de desempenho financeiro\" class=\"wp-image-32947\"\/><\/a><\/figure>\n\n\n\n\n\n<figure class=\"wp-block-image size-large is-style-default\"><a href=\"https:\/\/materiais.vexpenses.com\/planilha-indicadores-atividade?utm_campaign=material_rico&amp;utm_medium=biblioteca_de_materiais&amp;utm_source=blog&amp;utm_content=planilha-indicadores-atividade\"><img decoding=\"async\" src=\"https:\/\/vexpenses.com.br\/blog\/wp-content\/uploads\/2020\/11\/planilha-de-indicadores-de-atividade.png\" alt=\"planilha de indicadores de atividade\" class=\"wp-image-14410\"\/><\/a><\/figure>\n\n\n\n\n\n\n\n<figure class=\"wp-block-image size-large is-style-default\"><a href=\"https:\/\/materiais.vexpenses.com\/planilha-indicadores-liquidez?utm_campaign=material_rico&amp;utm_medium=biblioteca_de_materiais&amp;utm_source=blog&amp;utm_content=planilha-indicadores-liquidez\"><img decoding=\"async\" src=\"https:\/\/vexpenses.com.br\/blog\/wp-content\/uploads\/2020\/11\/Planilha-de-indicadores-de-liquidez.png\" alt=\"Planilha de indicadores de liquidez\" class=\"wp-image-14408\"\/><\/a><\/figure>\n\n\n\n\n\n<figure class=\"wp-block-image size-large is-style-default\"><a href=\"https:\/\/materiais.vexpenses.com\/planilha-indicadores-estrutura-capital?utm_campaign=material_rico&amp;utm_medium=biblioteca_de_materiais&amp;utm_source=blog&amp;utm_content=planilha-indicadores-estrutura-capital\"><img decoding=\"async\" src=\"https:\/\/vexpenses.com.br\/blog\/wp-content\/uploads\/2020\/11\/planilha-de-indicadores-de-estrutura-de-capital.png\" alt=\"planilha de indicadores de estrutura de capital\" class=\"wp-image-14409\"\/><\/a><\/figure>\n\n\n\n\n\n<figure class=\"wp-block-image size-large is-style-default\"><a href=\"https:\/\/materiais.vexpenses.com\/planilha-indicadores-rentabilidade?utm_campaign=material_rico&amp;utm_medium=biblioteca_de_materiais&amp;utm_source=blog&amp;utm_content=planilha-indicadores-rentabilidade\"><img decoding=\"async\" src=\"https:\/\/vexpenses.com.br\/blog\/wp-content\/uploads\/2020\/11\/Planilhas-de-indicadores-de-rentabilidade.png\" alt=\"Planilhas de indicadores de rentabilidade\" class=\"wp-image-14407\"\/><\/a><\/figure>\n\n\n\n\n\n\n\n\n<div class=\"wp-block-columns is-layout-flex wp-container-core-columns-is-layout-9d6595d7 wp-block-columns-is-layout-flex\">\n<div class=\"wp-block-column is-layout-flow wp-block-column-is-layout-flow\" style=\"flex-basis:100%\">\n<div class=\"wp-block-columns is-layout-flex wp-container-core-columns-is-layout-9d6595d7 wp-block-columns-is-layout-flex\">\n<div class=\"wp-block-column is-layout-flow wp-block-column-is-layout-flow\" style=\"flex-basis:100%\">\n\n<h2 class=\"wp-block-heading\">eBooks<\/h2>\n\n\n\n\n\n<figure class=\"wp-block-image size-full is-resized\"><a href=\"https:\/\/materiais.vexpenses.com\/cenario-despesas-corporativas?utm_campaign=material_rico&amp;utm_medium=biblioteca_de_materiais&amp;utm_source=blog&amp;utm_content=cenario_despesas_corporativas\"><img loading=\"lazy\" decoding=\"async\" src=\"\/blog\/wp-content\/uploads\/2021\/09\/Estudo-cen\u00e1rio-das-despesas-corporativas-no-Brasil-1.png\" alt=\"Estudo cen\u00e1rio das despesas corporativas no Brasil\" class=\"wp-image-33229\" width=\"221\" height=\"271\"\/><\/a><\/figure>\n\n\n\n\n\n<figure class=\"wp-block-image size-full is-resized\"><a href=\"https:\/\/materiais.vexpenses.com\/benchmark-pagamentos-despesas-funcionarios?utm_campaign=material_rico&amp;utm_medium=biblioteca_de_materiais&amp;utm_source=blog&amp;utm_content=benchmark-pagamentos-despesas-funcionarios\"><img loading=\"lazy\" decoding=\"async\" src=\"\/blog\/wp-content\/uploads\/2021\/06\/benchmark-meios-de-pagamento-de-despesas-de-funcionarios.png\" alt=\"\" class=\"wp-image-32944\" width=\"221\" height=\"271\"\/><\/a><\/figure>\n\n\n\n\n\n<figure class=\"wp-block-image size-large is-resized is-style-default\"><a href=\"https:\/\/materiais.vexpenses.com\/como-calcular-km-rodado?utm_campaign=material_rico&amp;utm_medium=biblioteca_de_materiais&amp;utm_source=blog&amp;utm_content=kit-como-calcular-km-rodado\"><img loading=\"lazy\" decoding=\"async\" src=\"https:\/\/vexpenses.com.br\/blog\/wp-content\/uploads\/2020\/10\/m06-vertical.png\" alt=\"c\u00e1lculo do reembolso de km\" class=\"wp-image-8838\" width=\"221\" height=\"271\"\/><\/a><\/figure>\n\n\n\n\n\n<figure class=\"wp-block-image size-large is-resized is-style-default\"><a href=\"https:\/\/materiais.vexpenses.com\/criar-politica-de-reembolso?utm_campaign=material_rico&amp;utm_medium=biblioteca_de_materiais&amp;utm_source=blog&amp;utm_content=ebook-criar-politica-de-reembolso\"><img loading=\"lazy\" decoding=\"async\" src=\"https:\/\/vexpenses.com.br\/blog\/wp-content\/uploads\/2020\/10\/M08-vertical.png\" alt=\"Como Construir uma Pol\u00edtica de Reembolso de Despesas\" class=\"wp-image-8840\" width=\"221\" height=\"271\"\/><\/a><\/figure>\n\n\n\n\n\n\n\n<figure class=\"wp-block-image size-large is-resized is-style-default\"><a href=\"https:\/\/materiais.vexpenses.com\/guia-gestao-riscos-financeiros?utm_campaign=material_rico&amp;utm_medium=biblioteca_de_materiais&amp;utm_source=blog&amp;utm_content=ebook-guia-gestao-riscos-financeiros\"><img loading=\"lazy\" decoding=\"async\" src=\"https:\/\/vexpenses.com.br\/blog\/wp-content\/uploads\/2020\/10\/Gest\u00e3o-de-Riscos-Financeiros-1.png\" alt=\"gest\u00e3o de riscos financeiros\" class=\"wp-image-8843\" width=\"221\" height=\"271\"\/><\/a><\/figure>\n\n\n\n\n\n<figure class=\"wp-block-image size-large is-resized is-style-default\"><a href=\"https:\/\/materiais.vexpenses.com\/ebook-dicas-ponte-aerea?utm_campaign=material_rico&amp;utm_medium=biblioteca_de_materiais&amp;utm_source=blog&amp;utm_content=ebook-dicas-ponte-aerea\"><img loading=\"lazy\" decoding=\"async\" src=\"https:\/\/vexpenses.com.br\/blog\/wp-content\/uploads\/2020\/10\/M02-VERTICAL.png\" alt=\"4 Dicas Definitivas para Quem Vive na Ponte A\u00e9rea\" class=\"wp-image-8839\" width=\"221\" height=\"271\"\/><\/a><\/figure>\n\n\n\n\n\n<figure class=\"wp-block-image size-large is-resized is-style-default\"><a href=\"https:\/\/materiais.vexpenses.com\/produtividade-no-trabalho?utm_campaign=material_rico&amp;utm_medium=biblioteca_de_materiais&amp;utm_source=blog&amp;utm_content=ebook-produtividade-no-trabalho\"><img loading=\"lazy\" decoding=\"async\" src=\"https:\/\/vexpenses.com.br\/blog\/wp-content\/uploads\/2020\/10\/M10-vertical.png\" alt=\"manual da produtividade\" class=\"wp-image-8841\" width=\"221\" height=\"271\"\/><\/a><\/figure>\n\n\n\n\n\n<figure class=\"wp-block-image size-full is-resized\"><a href=\"https:\/\/materiais.vexpenses.com\/e-book-guia-do-risco-de-credito?utm_campaign=material_rico&amp;utm_medium=biblioteca_de_materiais&amp;utm_source=blog&amp;utm_content=ebook-guia-do-risco-de-credito\" target=\"_blank\" rel=\"noopener\"><img loading=\"lazy\" decoding=\"async\" src=\"\/blog\/wp-content\/uploads\/2024\/01\/Botoes_Risco-De-Credito.png\" alt=\"\" class=\"wp-image-37732\" width=\"221\" height=\"271\"\/><\/a><\/figure>\n\n\n\n\n\n\n<div class=\"wp-block-columns is-layout-flex wp-container-core-columns-is-layout-9d6595d7 wp-block-columns-is-layout-flex\">\n<div class=\"wp-block-column is-layout-flow wp-block-column-is-layout-flow\">\n<figure class=\"wp-block-image size-full is-resized\"><a href=\"https:\/\/materiais.vexpenses.com\/e-book-ia-no-setor-financeiro?utm_campaign=material_rico&amp;utm_medium=biblioteca_de_materiais&amp;utm_source=blog&amp;utm_content=ebook-ia-no-setor-financeiro\" target=\"_blank\" rel=\"noopener\"><img loading=\"lazy\" decoding=\"async\" src=\"\/blog\/wp-content\/uploads\/2024\/01\/Botoes_IA-no-Financeiro-3.png\" alt=\"\" class=\"wp-image-37748\" width=\"221\" height=\"271\"\/><\/a><\/figure>\n<\/div>\n\n\n\n<div class=\"wp-block-column is-layout-flow wp-block-column-is-layout-flow\">\n<figure class=\"wp-block-image size-full is-resized\"><a href=\"https:\/\/materiais.vexpenses.com\/e-book-custo-fixo?utm_campaign=material_rico&amp;utm_medium=biblioteca_de_materiais&amp;utm_source=blog&amp;utm_content=ebook-custo-fixo\" target=\"_blank\" rel=\"noopener\"><img loading=\"lazy\" decoding=\"async\" src=\"\/blog\/wp-content\/uploads\/2024\/01\/Botoes_Planilha-Custo-Fixo-2.png\" alt=\"\" class=\"wp-image-37749\" width=\"221\" height=\"271\"\/><\/a><\/figure>\n<\/div>\n\n\n\n<div class=\"wp-block-column is-layout-flow wp-block-column-is-layout-flow\">\n<figure class=\"wp-block-image size-full is-resized\"><a href=\"https:\/\/materiais.vexpenses.com\/e-book-guia-da-viagem-de-trabalho?utm_campaign=material_rico&amp;utm_medium=biblioteca_de_materiais&amp;utm_source=blog&amp;utm_content=ebook-guia-da-viagem-de-trabalho\" target=\"_blank\" rel=\"noopener\"><img loading=\"lazy\" decoding=\"async\" src=\"\/blog\/wp-content\/uploads\/2024\/01\/Botoes_Guia-Viagem-Trabalho-2.png\" alt=\"\" class=\"wp-image-37750\" width=\"221\" height=\"271\"\/><\/a><\/figure>\n<\/div>\n\n\n\n<div class=\"wp-block-column is-layout-flow wp-block-column-is-layout-flow\">\n<figure class=\"wp-block-image size-full is-resized\"><a href=\"https:\/\/material.vexpenses.com\/tecnologias-financeiras\/?utm_source=blog&amp;utm_medium=biblioteca_de_materiais&amp;utm_campaign=material_rico&amp;utm_id=material_rico&amp;utm_content=tecnologias-financeiras\" target=\"_blank\" rel=\"noopener\"><img loading=\"lazy\" decoding=\"async\" src=\"\/blog\/wp-content\/uploads\/2024\/02\/Tecnologias-Financeiras-em-ascensao-para-2024.png\" alt=\"\" class=\"wp-image-37919\" width=\"221\" height=\"271\"\/><\/a><\/figure>\n<\/div>\n<\/div>\n\n\n<\/div>\n<\/div>\n<\/div>\n<\/div>\n\n\n\n\n<h2 class=\"wp-block-heading\">Outros formatos<\/h2>\n\n\n\n\n\n<figure class=\"wp-block-image size-large is-style-default\"><a href=\"https:\/\/materiais.vexpenses.com\/checklist-auditoria-reembolso-despesas?utm_campaign=material_rico&amp;utm_medium=biblioteca_de_materiais&amp;utm_source=blog&amp;utm_content=checklist-auditoria-reembolso-despesas\"><img decoding=\"async\" src=\"https:\/\/vexpenses.com.br\/blog\/wp-content\/uploads\/2020\/10\/M04-horizontal-material.png\" alt=\"auditoria financeira de reembolso de despesas\" class=\"wp-image-8848\"\/><\/a><\/figure>\n\n\n\n\n\n<figure class=\"wp-block-image size-large is-style-default\"><a href=\"https:\/\/materiais.vexpenses.com\/diagrama-decisao-reunioes?utm_campaign=material_rico&amp;utm_medium=biblioteca_de_materiais&amp;utm_source=blog&amp;utm_content=diagrama-de-decis\u00f5es-para-reuni\u00f5es\"><img decoding=\"async\" src=\"https:\/\/vexpenses.com.br\/blog\/wp-content\/uploads\/2021\/01\/Diagrama-de-decis\u00f5es-para-reuni\u00f5es.png\" alt=\"Diagrama de decis\u00f5es para reuni\u00f5es\" class=\"wp-image-14718\"\/><\/a><\/figure>\n\n\n\n\n\n\n\n\n\n\n\n","protected":false},"excerpt":{"rendered":"","protected":false},"author":30,"featured_media":0,"parent":0,"menu_order":17,"comment_status":"closed","ping_status":"closed","template":"","meta":{"inline_featured_image":false,"footnotes":""},"class_list":["post-8830","page","type-page","status-publish","hentry"],"yoast_head":"<!-- This site is optimized with the Yoast SEO plugin v22.9 - https:\/\/yoast.com\/wordpress\/plugins\/seo\/ -->\n<title>Biblioteca de Materiais - Blog<\/title>\n<meta name=\"description\" content=\"Acesse a Biblioteca de Materiais do VExpenses e tenha acesso \u00e0s melhores ferramentas gratuitas de aux\u00edlio \u00e0 gest\u00e3o agora mesmo!\" \/>\n<meta name=\"robots\" content=\"noindex, follow\" \/>\n<meta property=\"og:locale\" content=\"pt_BR\" \/>\n<meta property=\"og:type\" content=\"article\" \/>\n<meta property=\"og:title\" content=\"Biblioteca de Materiais - Blog\" \/>\n<meta property=\"og:description\" content=\"Acesse a Biblioteca de Materiais do VExpenses e tenha acesso \u00e0s melhores ferramentas gratuitas de aux\u00edlio \u00e0 gest\u00e3o agora mesmo!\" \/>\n<meta property=\"og:url\" content=\"https:\/\/vexpenses.com.br\/blog\/biblioteca-de-materiais\/\" \/>\n<meta property=\"og:site_name\" content=\"Blog\" \/>\n<meta property=\"og:image\" content=\"https:\/\/vexpenses.com.br\/blog\/wp-content\/uploads\/2020\/10\/m03-vertical.png\" \/>\n<meta name=\"twitter:card\" content=\"summary_large_image\" \/>\n<script type=\"application\/ld+json\" class=\"yoast-schema-graph\">{\"@context\":\"https:\/\/schema.org\",\"@graph\":[{\"@type\":\"WebPage\",\"@id\":\"https:\/\/vexpenses.com.br\/blog\/biblioteca-de-materiais\/\",\"url\":\"https:\/\/vexpenses.com.br\/blog\/biblioteca-de-materiais\/\",\"name\":\"Biblioteca de Materiais - Blog\",\"isPartOf\":{\"@id\":\"https:\/\/vexpenses.com.br\/blog\/#website\"},\"primaryImageOfPage\":{\"@id\":\"https:\/\/vexpenses.com.br\/blog\/biblioteca-de-materiais\/#primaryimage\"},\"image\":{\"@id\":\"https:\/\/vexpenses.com.br\/blog\/biblioteca-de-materiais\/#primaryimage\"},\"thumbnailUrl\":\"https:\/\/vexpenses.com.br\/blog\/wp-content\/uploads\/2020\/10\/m03-vertical.png\",\"datePublished\":\"2020-10-08T14:55:22+00:00\",\"dateModified\":\"2020-10-08T14:55:22+00:00\",\"description\":\"Acesse a Biblioteca de Materiais do VExpenses e tenha acesso \u00e0s melhores ferramentas gratuitas de aux\u00edlio \u00e0 gest\u00e3o agora mesmo!\",\"breadcrumb\":{\"@id\":\"https:\/\/vexpenses.com.br\/blog\/biblioteca-de-materiais\/#breadcrumb\"},\"inLanguage\":\"pt-BR\",\"potentialAction\":[{\"@type\":\"ReadAction\",\"target\":[\"https:\/\/vexpenses.com.br\/blog\/biblioteca-de-materiais\/\"]}]},{\"@type\":\"ImageObject\",\"inLanguage\":\"pt-BR\",\"@id\":\"https:\/\/vexpenses.com.br\/blog\/biblioteca-de-materiais\/#primaryimage\",\"url\":\"https:\/\/vexpenses.com.br\/blog\/wp-content\/uploads\/2020\/10\/m03-vertical.png\",\"contentUrl\":\"https:\/\/vexpenses.com.br\/blog\/wp-content\/uploads\/2020\/10\/m03-vertical.png\"},{\"@type\":\"BreadcrumbList\",\"@id\":\"https:\/\/vexpenses.com.br\/blog\/biblioteca-de-materiais\/#breadcrumb\",\"itemListElement\":[{\"@type\":\"ListItem\",\"position\":1,\"name\":\"In\u00edcio\",\"item\":\"https:\/\/vexpenses.com.br\/blog\/\"},{\"@type\":\"ListItem\",\"position\":2,\"name\":\"Biblioteca de Materiais\"}]},{\"@type\":\"WebSite\",\"@id\":\"https:\/\/vexpenses.com.br\/blog\/#website\",\"url\":\"https:\/\/vexpenses.com.br\/blog\/\",\"name\":\"Blog\",\"description\":\"Blog VExpenses\",\"publisher\":{\"@id\":\"https:\/\/vexpenses.com.br\/blog\/#organization\"},\"potentialAction\":[{\"@type\":\"SearchAction\",\"target\":{\"@type\":\"EntryPoint\",\"urlTemplate\":\"https:\/\/vexpenses.com.br\/blog\/?s={search_term_string}\"},\"query-input\":\"required name=search_term_string\"}],\"inLanguage\":\"pt-BR\"},{\"@type\":\"Organization\",\"@id\":\"https:\/\/vexpenses.com.br\/blog\/#organization\",\"name\":\"Blog\",\"url\":\"https:\/\/vexpenses.com.br\/blog\/\",\"logo\":{\"@type\":\"ImageObject\",\"inLanguage\":\"pt-BR\",\"@id\":\"https:\/\/vexpenses.com.br\/blog\/#\/schema\/logo\/image\/\",\"url\":\"https:\/\/vexpenses.com.br\/blog\/wp-content\/uploads\/2025\/08\/logo-vr-alt.png\",\"contentUrl\":\"https:\/\/vexpenses.com.br\/blog\/wp-content\/uploads\/2025\/08\/logo-vr-alt.png\",\"width\":709,\"height\":230,\"caption\":\"Blog\"},\"image\":{\"@id\":\"https:\/\/vexpenses.com.br\/blog\/#\/schema\/logo\/image\/\"}}]}<\/script>\n<!-- \/ Yoast SEO plugin. -->","yoast_head_json":{"title":"Biblioteca de Materiais - Blog","description":"Acesse a Biblioteca de Materiais do VExpenses e tenha acesso \u00e0s melhores ferramentas gratuitas de aux\u00edlio \u00e0 gest\u00e3o agora mesmo!","robots":{"index":"noindex","follow":"follow"},"og_locale":"pt_BR","og_type":"article","og_title":"Biblioteca de Materiais - Blog","og_description":"Acesse a Biblioteca de Materiais do VExpenses e tenha acesso \u00e0s melhores ferramentas gratuitas de aux\u00edlio \u00e0 gest\u00e3o agora mesmo!","og_url":"https:\/\/vexpenses.com.br\/blog\/biblioteca-de-materiais\/","og_site_name":"Blog","og_image":[{"url":"https:\/\/vexpenses.com.br\/blog\/wp-content\/uploads\/2020\/10\/m03-vertical.png"}],"twitter_card":"summary_large_image","schema":{"@context":"https:\/\/schema.org","@graph":[{"@type":"WebPage","@id":"https:\/\/vexpenses.com.br\/blog\/biblioteca-de-materiais\/","url":"https:\/\/vexpenses.com.br\/blog\/biblioteca-de-materiais\/","name":"Biblioteca de Materiais - Blog","isPartOf":{"@id":"https:\/\/vexpenses.com.br\/blog\/#website"},"primaryImageOfPage":{"@id":"https:\/\/vexpenses.com.br\/blog\/biblioteca-de-materiais\/#primaryimage"},"image":{"@id":"https:\/\/vexpenses.com.br\/blog\/biblioteca-de-materiais\/#primaryimage"},"thumbnailUrl":"https:\/\/vexpenses.com.br\/blog\/wp-content\/uploads\/2020\/10\/m03-vertical.png","datePublished":"2020-10-08T14:55:22+00:00","dateModified":"2020-10-08T14:55:22+00:00","description":"Acesse a Biblioteca de Materiais do VExpenses e tenha acesso \u00e0s melhores ferramentas gratuitas de aux\u00edlio \u00e0 gest\u00e3o agora mesmo!","breadcrumb":{"@id":"https:\/\/vexpenses.com.br\/blog\/biblioteca-de-materiais\/#breadcrumb"},"inLanguage":"pt-BR","potentialAction":[{"@type":"ReadAction","target":["https:\/\/vexpenses.com.br\/blog\/biblioteca-de-materiais\/"]}]},{"@type":"ImageObject","inLanguage":"pt-BR","@id":"https:\/\/vexpenses.com.br\/blog\/biblioteca-de-materiais\/#primaryimage","url":"https:\/\/vexpenses.com.br\/blog\/wp-content\/uploads\/2020\/10\/m03-vertical.png","contentUrl":"https:\/\/vexpenses.com.br\/blog\/wp-content\/uploads\/2020\/10\/m03-vertical.png"},{"@type":"BreadcrumbList","@id":"https:\/\/vexpenses.com.br\/blog\/biblioteca-de-materiais\/#breadcrumb","itemListElement":[{"@type":"ListItem","position":1,"name":"In\u00edcio","item":"https:\/\/vexpenses.com.br\/blog\/"},{"@type":"ListItem","position":2,"name":"Biblioteca de Materiais"}]},{"@type":"WebSite","@id":"https:\/\/vexpenses.com.br\/blog\/#website","url":"https:\/\/vexpenses.com.br\/blog\/","name":"Blog","description":"Blog VExpenses","publisher":{"@id":"https:\/\/vexpenses.com.br\/blog\/#organization"},"potentialAction":[{"@type":"SearchAction","target":{"@type":"EntryPoint","urlTemplate":"https:\/\/vexpenses.com.br\/blog\/?s={search_term_string}"},"query-input":"required name=search_term_string"}],"inLanguage":"pt-BR"},{"@type":"Organization","@id":"https:\/\/vexpenses.com.br\/blog\/#organization","name":"Blog","url":"https:\/\/vexpenses.com.br\/blog\/","logo":{"@type":"ImageObject","inLanguage":"pt-BR","@id":"https:\/\/vexpenses.com.br\/blog\/#\/schema\/logo\/image\/","url":"https:\/\/vexpenses.com.br\/blog\/wp-content\/uploads\/2025\/08\/logo-vr-alt.png","contentUrl":"https:\/\/vexpenses.com.br\/blog\/wp-content\/uploads\/2025\/08\/logo-vr-alt.png","width":709,"height":230,"caption":"Blog"},"image":{"@id":"https:\/\/vexpenses.com.br\/blog\/#\/schema\/logo\/image\/"}}]}},"acf":[],"_links":{"self":[{"href":"https:\/\/vexpenses.com.br\/blog\/wp-json\/wp\/v2\/pages\/8830","targetHints":{"allow":["GET"]}}],"collection":[{"href":"https:\/\/vexpenses.com.br\/blog\/wp-json\/wp\/v2\/pages"}],"about":[{"href":"https:\/\/vexpenses.com.br\/blog\/wp-json\/wp\/v2\/types\/page"}],"author":[{"embeddable":true,"href":"https:\/\/vexpenses.com.br\/blog\/wp-json\/wp\/v2\/users\/30"}],"replies":[{"embeddable":true,"href":"https:\/\/vexpenses.com.br\/blog\/wp-json\/wp\/v2\/comments?post=8830"}],"version-history":[{"count":0,"href":"https:\/\/vexpenses.com.br\/blog\/wp-json\/wp\/v2\/pages\/8830\/revisions"}],"wp:attachment":[{"href":"https:\/\/vexpenses.com.br\/blog\/wp-json\/wp\/v2\/media?parent=8830"}],"curies":[{"name":"wp","href":"https:\/\/api.w.org\/{rel}","templated":true}]}}